{"id":28499,"date":"2021-08-11T22:42:42","date_gmt":"2021-08-11T22:42:42","guid":{"rendered":"https:\/\/prodimex.adept.sr\/?product=datum-stempel-mini-engels-dater-s120-d04-clp-104732"},"modified":"2021-08-11T22:42:42","modified_gmt":"2021-08-11T22:42:42","slug":"datum-stempel-mini-engels-dater-s120-d04-clp-104732","status":"publish","type":"product","link":"https:\/\/prodimex.adept.sr\/?product=datum-stempel-mini-engels-dater-s120-d04-clp-104732","title":{"rendered":"Mini datumspel S120 D04 Engels Colop#104732"},"content":{"rendered":"<p>Deze Mini Dater van de Printer Line is uw betrouwbare stempel in het dagelijks bedrijfsleven; erg ideaal voor het stempelen op alle papieren documenten. Cijfers en letters zijn 4mm hoog, de totale afdruk heeft een breedte van ongeveer 20mm.<br \/>\nTwee banden voor de dag, \u00e9\u00e9n voor de afgekorte namen van de maanden en \u00e9\u00e9n voor het jaar kunnen worden aangepast door aan de witte draaibare wieltjes naast de betreffende band te draaien. De jaarband gaat 12 jaar mee.<br \/>\nEen minimum van 2.500 afdrukken met document proof inkt in uitstekende kleurkwaliteit kan worden gemaakt zonder een pad te vervangen. Het vervangen van het inktkussen is snel en eenvoudig &#8211; druk de stempel enkele millimeters naar beneden zodat de tekstplaat van het inktkussen loskomt. Het oude stempelkussen van achteren eruit drukken en door het nieuwe vervangen &#8211; klaar! Zoals alle producten van de COLOP Printer Line heeft ook de Mini Dater een bijzonder soepel stempelmechanisme. Het inktkussen E\/10 is verkrijgbaar in rood en zwart en is het inktkussen dat nodig is voor het vervangen van oudere inktkussens.<\/p>\n<p>Eigenschappen van deze handige mini datumstempel Engels:<br \/>\n    Zeer kleine afmetingen<br \/>\n    Gemakkelijk af te stellen<br \/>\n    Gemaakt van lichtgewicht maar robuust plastic<br \/>\n    Ideaal voor het afdrukken op documenten, papier, kaarten, enz.<br \/>\n    Gemakkelijk te gebruiken met de schone behandeling van de stempel.<br \/>\n    Wordt geleverd met een inktstootkussen<br \/>\n    Geeft duizenden kernachtige en duidelijke indrukken alvorens het inktstootkussen verslijt<br \/>\n    De inktstootkussens worden gemakkelijk vervangen toe te schrijven aan het zegelontwerp.<\/p>\n","protected":false},"excerpt":{"rendered":"<p>DATUM STEMPEL MINI ENGELS DATER S120 D04 CLP#104732<\/p>\n","protected":false},"featured_media":28498,"comment_status":"open","ping_status":"closed","template":"","meta":[],"product_brand":[],"product_cat":[5808,5743,5746,6008,5822],"product_tag":[],"class_list":{"0":"post-28499","1":"product","2":"type-product","3":"status-publish","4":"has-post-thumbnail","6":"product_cat-bureauaccessoires","7":"product_cat-default-category","8":"product_cat-bureau-en-kantoorartikelen","9":"product_cat-stempels-datum-suriname-logo-stempelhouder-colop-document","10":"product_cat-stempels-en-toebehoren-suriname-officieel-logo-overheid-kantoor","12":"first","13":"instock","14":"shipping-taxable","15":"purchasable","16":"product-type-simple"},"_links":{"self":[{"href":"https:\/\/prodimex.adept.sr\/index.php?rest_route=\/wp\/v2\/product\/28499","targetHints":{"allow":["GET"]}}],"collection":[{"href":"https:\/\/prodimex.adept.sr\/index.php?rest_route=\/wp\/v2\/product"}],"about":[{"href":"https:\/\/prodimex.adept.sr\/index.php?rest_route=\/wp\/v2\/types\/product"}],"replies":[{"embeddable":true,"href":"https:\/\/prodimex.adept.sr\/index.php?rest_route=%2Fwp%2Fv2%2Fcomments&post=28499"}],"version-history":[{"count":0,"href":"https:\/\/prodimex.adept.sr\/index.php?rest_route=\/wp\/v2\/product\/28499\/revisions"}],"wp:featuredmedia":[{"embeddable":true,"href":"https:\/\/prodimex.adept.sr\/index.php?rest_route=\/wp\/v2\/media\/28498"}],"wp:attachment":[{"href":"https:\/\/prodimex.adept.sr\/index.php?rest_route=%2Fwp%2Fv2%2Fmedia&parent=28499"}],"wp:term":[{"taxonomy":"product_brand","embeddable":true,"href":"https:\/\/prodimex.adept.sr\/index.php?rest_route=%2Fwp%2Fv2%2Fproduct_brand&post=28499"},{"taxonomy":"product_cat","embeddable":true,"href":"https:\/\/prodimex.adept.sr\/index.php?rest_route=%2Fwp%2Fv2%2Fproduct_cat&post=28499"},{"taxonomy":"product_tag","embeddable":true,"href":"https:\/\/prodimex.adept.sr\/index.php?rest_route=%2Fwp%2Fv2%2Fproduct_tag&post=28499"}],"curies":[{"name":"wp","href":"https:\/\/api.w.org\/{rel}","templated":true}]}}